{"id":2,"date":"2025-02-27T12:03:45","date_gmt":"2025-02-27T11:03:45","guid":{"rendered":"http:\/\/enfermeria.diegomoya.es\/?page_id=2"},"modified":"2026-03-30T21:47:58","modified_gmt":"2026-03-30T19:47:58","slug":"bienvenido-a-blog-de-salud","status":"publish","type":"page","link":"https:\/\/www.diegomoya.es\/enfermero\/bienvenido-a-blog-de-salud\/","title":{"rendered":"Bienvenido a \u00abBlog de Salud y Pensamiento\u00bb"},"content":{"rendered":"\n<p>La salud no es solo ausencia de enfermedad. Tambi\u00e9n es descanso, equilibrio, claridad mental, v\u00ednculos, h\u00e1bitos y manera de estar en el mundo.<\/p>\n\n\n\n<p>Este blog nace para hablar de todo eso con rigor, experiencia profesional y una mirada profundamente humana. Aqu\u00ed encontrar\u00e1s contenidos sobre prevenci\u00f3n, alimentaci\u00f3n, actividad f\u00edsica, salud mental, enfermer\u00eda y cuidado integral, escritos desde una idea sencilla: <strong>cuidar mejor exige comprender mejor a la persona<\/strong>.<\/p>\n\n\n\n<p>La salud es un pilar fundamental en nuestras vidas. En <em>Blog de Salud<\/em>, queremos ofrecerte informaci\u00f3n basada en la evidencia y la experiencia profesional para ayudarte a mejorar tu bienestar f\u00edsico, mental y emocional.<\/p>\n\n\n\n<hr class=\"wp-block-separator has-alpha-channel-opacity\"\/>\n\n\n\n<h2 class=\"wp-block-heading\">Sobre este espacio<\/h2>\n\n\n\n<p>Soy enfermero y escribo este blog para unir ciencia, experiencia y reflexi\u00f3n. Mi intenci\u00f3n no es llenar esta p\u00e1gina de consejos vac\u00edos, sino ofrecer informaci\u00f3n clara, \u00fatil y fiable, sin perder de vista lo esencial: detr\u00e1s de cada problema de salud hay una historia, una vida concreta y una necesidad de cuidado real.<\/p>\n\n\n\n<p>Este es un espacio para pensar la salud con m\u00e1s profundidad, pero tambi\u00e9n para llevarla a la vida cotidiana. Porque cuidar no deber\u00eda ser solo tratar s\u00edntomas, sino aprender a vivir con m\u00e1s conciencia, m\u00e1s dignidad y m\u00e1s sentido.<\/p>\n","protected":false},"excerpt":{"rendered":"<p>La salud no es solo ausencia de enfermedad. Tambi\u00e9n es descanso, equilibrio, claridad mental, v\u00ednculos, h\u00e1bitos y manera de estar en el mundo. Este blog nace para hablar&#8230;<\/p>\n","protected":false},"author":1,"featured_media":621,"parent":0,"menu_order":0,"comment_status":"closed","ping_status":"open","template":"","meta":{"jetpack_post_was_ever_published":false,"footnotes":""},"class_list":["post-2","page","type-page","status-publish","has-post-thumbnail","hentry"],"yoast_head":"<!-- This site is optimized with the Yoast SEO plugin v27.4 - https:\/\/yoast.com\/product\/yoast-seo-wordpress\/ -->\n<title>Bienvenido a \u00abBlog de Salud y Pensamiento\u00bb - Blog de Salud y Pensamiento<\/title>\n<meta name=\"robots\" content=\"index, follow, max-snippet:-1, max-image-preview:large, max-video-preview:-1\" \/>\n<link rel=\"canonical\" href=\"https:\/\/www.diegomoya.es\/enfermero\/bienvenido-a-blog-de-salud\/\" \/>\n<meta property=\"og:locale\" content=\"es_ES\" \/>\n<meta property=\"og:type\" content=\"article\" \/>\n<meta property=\"og:title\" content=\"Bienvenido a \u00abBlog de Salud y Pensamiento\u00bb - Blog de Salud y Pensamiento\" \/>\n<meta property=\"og:description\" content=\"La salud no es solo ausencia de enfermedad. Tambi\u00e9n es descanso, equilibrio, claridad mental, v\u00ednculos, h\u00e1bitos y manera de estar en el mundo. Este blog nace para hablar...\" \/>\n<meta property=\"og:url\" content=\"https:\/\/www.diegomoya.es\/enfermero\/bienvenido-a-blog-de-salud\/\" \/>\n<meta property=\"og:site_name\" content=\"Blog de Salud y Pensamiento\" \/>\n<meta property=\"article:modified_time\" content=\"2026-03-30T19:47:58+00:00\" \/>\n<meta property=\"og:image\" content=\"https:\/\/www.diegomoya.es\/enfermero\/wp-content\/uploads\/2026\/03\/Cuando-cuidar-es-estar-1024x683.png\" \/>\n\t<meta property=\"og:image:width\" content=\"1024\" \/>\n\t<meta property=\"og:image:height\" content=\"683\" \/>\n\t<meta property=\"og:image:type\" content=\"image\/png\" \/>\n<meta name=\"twitter:card\" content=\"summary_large_image\" \/>\n<meta name=\"twitter:label1\" content=\"Tiempo de lectura\" \/>\n\t<meta name=\"twitter:data1\" content=\"2 minutos\" \/>\n<script type=\"application\/ld+json\" class=\"yoast-schema-graph\">{\"@context\":\"https:\\\/\\\/schema.org\",\"@graph\":[{\"@type\":\"WebPage\",\"@id\":\"https:\\\/\\\/www.diegomoya.es\\\/enfermero\\\/bienvenido-a-blog-de-salud\\\/\",\"url\":\"https:\\\/\\\/www.diegomoya.es\\\/enfermero\\\/bienvenido-a-blog-de-salud\\\/\",\"name\":\"Bienvenido a \u00abBlog de Salud y Pensamiento\u00bb - Blog de Salud y Pensamiento\",\"isPartOf\":{\"@id\":\"https:\\\/\\\/www.diegomoya.es\\\/enfermero\\\/#website\"},\"primaryImageOfPage\":{\"@id\":\"https:\\\/\\\/www.diegomoya.es\\\/enfermero\\\/bienvenido-a-blog-de-salud\\\/#primaryimage\"},\"image\":{\"@id\":\"https:\\\/\\\/www.diegomoya.es\\\/enfermero\\\/bienvenido-a-blog-de-salud\\\/#primaryimage\"},\"thumbnailUrl\":\"https:\\\/\\\/www.diegomoya.es\\\/enfermero\\\/wp-content\\\/uploads\\\/2026\\\/03\\\/Cuando-cuidar-es-estar.png\",\"datePublished\":\"2025-02-27T11:03:45+00:00\",\"dateModified\":\"2026-03-30T19:47:58+00:00\",\"breadcrumb\":{\"@id\":\"https:\\\/\\\/www.diegomoya.es\\\/enfermero\\\/bienvenido-a-blog-de-salud\\\/#breadcrumb\"},\"inLanguage\":\"es\",\"potentialAction\":[{\"@type\":\"ReadAction\",\"target\":[\"https:\\\/\\\/www.diegomoya.es\\\/enfermero\\\/bienvenido-a-blog-de-salud\\\/\"]}]},{\"@type\":\"ImageObject\",\"inLanguage\":\"es\",\"@id\":\"https:\\\/\\\/www.diegomoya.es\\\/enfermero\\\/bienvenido-a-blog-de-salud\\\/#primaryimage\",\"url\":\"https:\\\/\\\/www.diegomoya.es\\\/enfermero\\\/wp-content\\\/uploads\\\/2026\\\/03\\\/Cuando-cuidar-es-estar.png\",\"contentUrl\":\"https:\\\/\\\/www.diegomoya.es\\\/enfermero\\\/wp-content\\\/uploads\\\/2026\\\/03\\\/Cuando-cuidar-es-estar.png\",\"width\":1536,\"height\":1024,\"caption\":\"La tecnolog\u00eda avanza, pero el cuidado sigue siendo profundamente humano.\"},{\"@type\":\"BreadcrumbList\",\"@id\":\"https:\\\/\\\/www.diegomoya.es\\\/enfermero\\\/bienvenido-a-blog-de-salud\\\/#breadcrumb\",\"itemListElement\":[{\"@type\":\"ListItem\",\"position\":1,\"name\":\"Portada\",\"item\":\"https:\\\/\\\/www.diegomoya.es\\\/enfermero\\\/\"},{\"@type\":\"ListItem\",\"position\":2,\"name\":\"Bienvenido a \u00abBlog de Salud y Pensamiento\u00bb\"}]},{\"@type\":\"WebSite\",\"@id\":\"https:\\\/\\\/www.diegomoya.es\\\/enfermero\\\/#website\",\"url\":\"https:\\\/\\\/www.diegomoya.es\\\/enfermero\\\/\",\"name\":\"Blog de Salud y pensamiento\",\"description\":\"&quot;La salud en el centro: informaci\u00f3n pr\u00e1ctica, reflexiones y herramientas para el bienestar.&quot;\",\"publisher\":{\"@id\":\"https:\\\/\\\/www.diegomoya.es\\\/enfermero\\\/#\\\/schema\\\/person\\\/bd68a057e517bb38b4818cc3158c3b86\"},\"potentialAction\":[{\"@type\":\"SearchAction\",\"target\":{\"@type\":\"EntryPoint\",\"urlTemplate\":\"https:\\\/\\\/www.diegomoya.es\\\/enfermero\\\/?s={search_term_string}\"},\"query-input\":{\"@type\":\"PropertyValueSpecification\",\"valueRequired\":true,\"valueName\":\"search_term_string\"}}],\"inLanguage\":\"es\"},{\"@type\":[\"Person\",\"Organization\"],\"@id\":\"https:\\\/\\\/www.diegomoya.es\\\/enfermero\\\/#\\\/schema\\\/person\\\/bd68a057e517bb38b4818cc3158c3b86\",\"name\":\"diego@diegomoya.es\",\"image\":{\"@type\":\"ImageObject\",\"inLanguage\":\"es\",\"@id\":\"https:\\\/\\\/www.diegomoya.es\\\/enfermero\\\/wp-content\\\/uploads\\\/2025\\\/03\\\/cropped-Logo_Blog.jpg\",\"url\":\"https:\\\/\\\/www.diegomoya.es\\\/enfermero\\\/wp-content\\\/uploads\\\/2025\\\/03\\\/cropped-Logo_Blog.jpg\",\"contentUrl\":\"https:\\\/\\\/www.diegomoya.es\\\/enfermero\\\/wp-content\\\/uploads\\\/2025\\\/03\\\/cropped-Logo_Blog.jpg\",\"width\":695,\"height\":555,\"caption\":\"diego@diegomoya.es\"},\"logo\":{\"@id\":\"https:\\\/\\\/www.diegomoya.es\\\/enfermero\\\/wp-content\\\/uploads\\\/2025\\\/03\\\/cropped-Logo_Blog.jpg\"},\"sameAs\":[\"https:\\\/\\\/www.diegomoya.es\\\/enfermero\"]}]}<\/script>\n<!-- \/ Yoast SEO plugin. -->","yoast_head_json":{"title":"Bienvenido a \u00abBlog de Salud y Pensamiento\u00bb - Blog de Salud y Pensamiento","robots":{"index":"index","follow":"follow","max-snippet":"max-snippet:-1","max-image-preview":"max-image-preview:large","max-video-preview":"max-video-preview:-1"},"canonical":"https:\/\/www.diegomoya.es\/enfermero\/bienvenido-a-blog-de-salud\/","og_locale":"es_ES","og_type":"article","og_title":"Bienvenido a \u00abBlog de Salud y Pensamiento\u00bb - Blog de Salud y Pensamiento","og_description":"La salud no es solo ausencia de enfermedad. Tambi\u00e9n es descanso, equilibrio, claridad mental, v\u00ednculos, h\u00e1bitos y manera de estar en el mundo. Este blog nace para hablar...","og_url":"https:\/\/www.diegomoya.es\/enfermero\/bienvenido-a-blog-de-salud\/","og_site_name":"Blog de Salud y Pensamiento","article_modified_time":"2026-03-30T19:47:58+00:00","og_image":[{"width":1024,"height":683,"url":"https:\/\/www.diegomoya.es\/enfermero\/wp-content\/uploads\/2026\/03\/Cuando-cuidar-es-estar-1024x683.png","type":"image\/png"}],"twitter_card":"summary_large_image","twitter_misc":{"Tiempo de lectura":"2 minutos"},"schema":{"@context":"https:\/\/schema.org","@graph":[{"@type":"WebPage","@id":"https:\/\/www.diegomoya.es\/enfermero\/bienvenido-a-blog-de-salud\/","url":"https:\/\/www.diegomoya.es\/enfermero\/bienvenido-a-blog-de-salud\/","name":"Bienvenido a \u00abBlog de Salud y Pensamiento\u00bb - Blog de Salud y Pensamiento","isPartOf":{"@id":"https:\/\/www.diegomoya.es\/enfermero\/#website"},"primaryImageOfPage":{"@id":"https:\/\/www.diegomoya.es\/enfermero\/bienvenido-a-blog-de-salud\/#primaryimage"},"image":{"@id":"https:\/\/www.diegomoya.es\/enfermero\/bienvenido-a-blog-de-salud\/#primaryimage"},"thumbnailUrl":"https:\/\/www.diegomoya.es\/enfermero\/wp-content\/uploads\/2026\/03\/Cuando-cuidar-es-estar.png","datePublished":"2025-02-27T11:03:45+00:00","dateModified":"2026-03-30T19:47:58+00:00","breadcrumb":{"@id":"https:\/\/www.diegomoya.es\/enfermero\/bienvenido-a-blog-de-salud\/#breadcrumb"},"inLanguage":"es","potentialAction":[{"@type":"ReadAction","target":["https:\/\/www.diegomoya.es\/enfermero\/bienvenido-a-blog-de-salud\/"]}]},{"@type":"ImageObject","inLanguage":"es","@id":"https:\/\/www.diegomoya.es\/enfermero\/bienvenido-a-blog-de-salud\/#primaryimage","url":"https:\/\/www.diegomoya.es\/enfermero\/wp-content\/uploads\/2026\/03\/Cuando-cuidar-es-estar.png","contentUrl":"https:\/\/www.diegomoya.es\/enfermero\/wp-content\/uploads\/2026\/03\/Cuando-cuidar-es-estar.png","width":1536,"height":1024,"caption":"La tecnolog\u00eda avanza, pero el cuidado sigue siendo profundamente humano."},{"@type":"BreadcrumbList","@id":"https:\/\/www.diegomoya.es\/enfermero\/bienvenido-a-blog-de-salud\/#breadcrumb","itemListElement":[{"@type":"ListItem","position":1,"name":"Portada","item":"https:\/\/www.diegomoya.es\/enfermero\/"},{"@type":"ListItem","position":2,"name":"Bienvenido a \u00abBlog de Salud y Pensamiento\u00bb"}]},{"@type":"WebSite","@id":"https:\/\/www.diegomoya.es\/enfermero\/#website","url":"https:\/\/www.diegomoya.es\/enfermero\/","name":"Blog de Salud y pensamiento","description":"&quot;La salud en el centro: informaci\u00f3n pr\u00e1ctica, reflexiones y herramientas para el bienestar.&quot;","publisher":{"@id":"https:\/\/www.diegomoya.es\/enfermero\/#\/schema\/person\/bd68a057e517bb38b4818cc3158c3b86"},"potentialAction":[{"@type":"SearchAction","target":{"@type":"EntryPoint","urlTemplate":"https:\/\/www.diegomoya.es\/enfermero\/?s={search_term_string}"},"query-input":{"@type":"PropertyValueSpecification","valueRequired":true,"valueName":"search_term_string"}}],"inLanguage":"es"},{"@type":["Person","Organization"],"@id":"https:\/\/www.diegomoya.es\/enfermero\/#\/schema\/person\/bd68a057e517bb38b4818cc3158c3b86","name":"diego@diegomoya.es","image":{"@type":"ImageObject","inLanguage":"es","@id":"https:\/\/www.diegomoya.es\/enfermero\/wp-content\/uploads\/2025\/03\/cropped-Logo_Blog.jpg","url":"https:\/\/www.diegomoya.es\/enfermero\/wp-content\/uploads\/2025\/03\/cropped-Logo_Blog.jpg","contentUrl":"https:\/\/www.diegomoya.es\/enfermero\/wp-content\/uploads\/2025\/03\/cropped-Logo_Blog.jpg","width":695,"height":555,"caption":"diego@diegomoya.es"},"logo":{"@id":"https:\/\/www.diegomoya.es\/enfermero\/wp-content\/uploads\/2025\/03\/cropped-Logo_Blog.jpg"},"sameAs":["https:\/\/www.diegomoya.es\/enfermero"]}]}},"jetpack_sharing_enabled":true,"_links":{"self":[{"href":"https:\/\/www.diegomoya.es\/enfermero\/wp-json\/wp\/v2\/pages\/2","targetHints":{"allow":["GET"]}}],"collection":[{"href":"https:\/\/www.diegomoya.es\/enfermero\/wp-json\/wp\/v2\/pages"}],"about":[{"href":"https:\/\/www.diegomoya.es\/enfermero\/wp-json\/wp\/v2\/types\/page"}],"author":[{"embeddable":true,"href":"https:\/\/www.diegomoya.es\/enfermero\/wp-json\/wp\/v2\/users\/1"}],"replies":[{"embeddable":true,"href":"https:\/\/www.diegomoya.es\/enfermero\/wp-json\/wp\/v2\/comments?post=2"}],"version-history":[{"count":3,"href":"https:\/\/www.diegomoya.es\/enfermero\/wp-json\/wp\/v2\/pages\/2\/revisions"}],"predecessor-version":[{"id":622,"href":"https:\/\/www.diegomoya.es\/enfermero\/wp-json\/wp\/v2\/pages\/2\/revisions\/622"}],"wp:featuredmedia":[{"embeddable":true,"href":"https:\/\/www.diegomoya.es\/enfermero\/wp-json\/wp\/v2\/media\/621"}],"wp:attachment":[{"href":"https:\/\/www.diegomoya.es\/enfermero\/wp-json\/wp\/v2\/media?parent=2"}],"curies":[{"name":"wp","href":"https:\/\/api.w.org\/{rel}","templated":true}]}}